{"id":21,"date":"2024-01-15T09:08:31","date_gmt":"2024-01-15T09:08:31","guid":{"rendered":"https:\/\/femme-a-la-mode.com\/?page_id=21"},"modified":"2024-01-30T15:57:17","modified_gmt":"2024-01-30T15:57:17","slug":"credits","status":"publish","type":"page","link":"https:\/\/femme-a-la-mode.com\/?page_id=21","title":{"rendered":"Credits"},"content":{"rendered":"\n<h2 class=\"wp-block-heading\">Pr\u00e9sentation de nos Agences Digitales<\/h2>\n\n\n\n<p>Fond\u00e9es \u00e0 la fin des ann\u00e9es 90, GoldenMarket et Agenceweb, cr\u00e9\u00e9es respectivement en 2000, se distinguent en tant qu&#8217;agences renomm\u00e9es sp\u00e9cialis\u00e9es dans la conception de sites internet haut de gamme. Ces agences parisiennes, expertes en strat\u00e9gies digitales, accompagnent leurs clients depuis pr\u00e8s de deux d\u00e9cennies dans la cr\u00e9ation de sites web rentables, ainsi que dans leur r\u00e9f\u00e9rencement naturel ou payant.<\/p>\n\n\n\n<p><strong>Cr\u00e9ation du Site Internet<\/strong><\/p>\n\n\n\n<p>Ce site web est un blog wordpress cr\u00e9\u00e9 par nos agences web dans le but de r\u00e9unir une communaut\u00e9 autour de la mode f\u00e9minine.<\/p>\n\n\n\n<p>Pour r\u00e9aliser ce site web, nous avons suivi la m\u00e9thodologie Goldenmarket, comprenant les \u00e9tapes suivantes :<\/p>\n\n\n\n<p><strong>Analyse Webmarketing pour le SEO \u2013 \u00c9tape 1<\/strong><\/p>\n\n\n\n<p>Afin de garantir une optimisation du r\u00e9f\u00e9rencement, une analyse approfondie du webmarketing a \u00e9t\u00e9 r\u00e9alis\u00e9e, incluant l&#8217;\u00e9tude de la concurrence, la strat\u00e9gie des mots-cl\u00e9s et la structure du site. L&#8217;objectif \u00e9tait d&#8217;identifier les mots-cl\u00e9s et expressions permettant \u00e0 notre client de se positionner efficacement, attirant ainsi un trafic qualifi\u00e9 sur son site. Le r\u00e9f\u00e9rencement naturel, sp\u00e9cialit\u00e9 historique de notre agence, repose sur des formules r\u00e9mun\u00e9r\u00e9es \u00e0 la performance, \u00e9tablissant un partenariat gagnant-gagnant. Nous avons \u00e9galement int\u00e9gr\u00e9 un outil intelligent de g\u00e9n\u00e9ration de liens contextuels d\u00e9velopp\u00e9 par Agenceweb.fr, une agence sp\u00e9cialis\u00e9e en SEO.<\/p>\n\n\n\n<p><strong>Optimisation de l\u2019Ergonomie \u2013 \u00c9tape 2<\/strong><\/p>\n\n\n\n<p>Apr\u00e8s avoir d\u00e9fini l&#8217;arborescence, identifi\u00e9 les fonctionnalit\u00e9s n\u00e9cessaires et \u00e9chang\u00e9 avec le client pour comprendre ses attentes, nous avons proc\u00e9d\u00e9 \u00e0 l&#8217;optimisation de l&#8217;ergonomie du site. Cette \u00e9tape cl\u00e9 englobe les r\u00e9flexions strat\u00e9giques li\u00e9es au r\u00e9f\u00e9rencement naturel, au tunnel de conversion et au module d\u00e9di\u00e9 aux projets de r\u00e9novation. La navigation du site a \u00e9t\u00e9 minutieusement con\u00e7ue, facilit\u00e9e par un module permettant la cr\u00e9ation automatis\u00e9e de pages et leur cat\u00e9gorisation dans les grandes sections.<\/p>\n\n\n\n<p><strong>Charte Graphique Web \u2013 \u00c9tape 3<\/strong><\/p>\n\n\n\n<p>Une fois l&#8217;ergonomie du site web clairement d\u00e9finie, une charte graphique web professionnelle et personnalis\u00e9e a \u00e9t\u00e9 \u00e9labor\u00e9e. Cette charte, en harmonie avec les attentes du client, les normes de son secteur d\u2019activit\u00e9 et les axes de d\u00e9veloppement strat\u00e9gique qu&#8217;il souhaitait promouvoir, r\u00e9pond aux contraintes sp\u00e9cifiques du projet et aux normes du web.<\/p>\n\n\n\n<p><strong>Conception et D\u00e9veloppement \u2013 \u00c9tape 4<\/strong><\/p>\n\n\n\n<p>Cette \u00e9tape a marqu\u00e9 la concr\u00e9tisation du site gr\u00e2ce au d\u00e9veloppement de l&#8217;ensemble des \u00e9l\u00e9ments con\u00e7us. Pour ce site haut de gamme, le CMS WordPress a \u00e9t\u00e9 s\u00e9lectionn\u00e9 et personnalis\u00e9 avec du CSS par notre agence digitale. Chaque page a fait l\u2019objet d\u2019un design sur-mesure, refl\u00e9tant notre engagement envers l\u2019excellence visuelle.<\/p>\n\n\n\n<p><strong>Conseil et Formation Digitale \u2013 \u00c9tape 5<\/strong><\/p>\n\n\n\n<p>Notre agence digitale offre des conseils aux clients \u00e0 travers divers services, notamment en webmarketing. L\u2019objectif est d&#8217;accompagner nos clients dans leur strat\u00e9gie de marketing \u00e9lectronique, am\u00e9liorant ainsi la qualit\u00e9 globale de l\u2019exp\u00e9rience client en ligne et favorisant un meilleur taux de conversion &#8220;trafic&#8221;\/&#8221;prospects qualifi\u00e9s&#8221;. Retrouvez nos prestations de conseil sur le site du cabinet de conseil en strat\u00e9gie digitale 13min.fr d\u00e9di\u00e9 \u00e0 la strat\u00e9gie d\u2019entreprise et \u00e0 la strat\u00e9gie digitale. En ce qui concerne la formation, nous proposons des formations en groupe et individuelles, adapt\u00e9es au niveau et aux pr\u00e9f\u00e9rences de chaque participant. Poly-formation, centre de formation d\u00e9di\u00e9 \u00e0 la formation digitale et aux formations webmarketing depuis 20 ans, est la marque appartenant \u00e0 Agenceweb.fr. <\/p>\n\n\n\n<p><strong>H\u00e9bergement du Site Web \u2013 \u00c9tape 6<\/strong><\/p>\n\n\n\n<p>Notre agence digitale, AgenceWeb.fr, propose un h\u00e9bergement haut de gamme, incluant la gestion de nos propres serveurs sur notre infrastructure mat\u00e9riellement g\u00e9r\u00e9e par OVH dans leur Data Center de Roubaix. Notre service garantit un maximum de 15 sites web par serveur d\u00e9di\u00e9, adapt\u00e9 aux sites \u00e0 faible volume de trafic. Avec des serveurs en Allemagne \u00e0 plus de 100 km de Roubaix, nous assurons des sauvegardes sur 30 jours glissants sur un autre serveur dans un data center distant. La disponibilit\u00e9 de nos services 7\/7, de 7h \u00e0 23h, renforce la fid\u00e9lit\u00e9 de nos clients depuis plus de 20 ans, soulignant une relation client de qualit\u00e9.<\/p>\n\n\n\n<p><strong>Maintenance du Site Web \u2013 \u00c9tape 7<\/strong><\/p>\n\n\n\n<p>Nos sites font l\u2019objet de mises \u00e0 jour et de tests r\u00e9guliers afin de garantir leur bon fonctionnement. Nous v\u00e9rifions fr\u00e9quemment les antivirus et mettons \u00e0 disposition un administrateur syst\u00e8me et un expert en cybers\u00e9curit\u00e9, assurant un support 24\/24 et 7\/7 pour r\u00e9pondre aux questions et assurer la s\u00e9curit\u00e9 du site.<\/p>\n\n\n\n<p><strong>Conseil Webmarketing et Formation<\/strong><\/p>\n\n\n\n<p>Nos agences offrent \u00e9galement des services de conseil en webmarketing, incluant l\u2019am\u00e9lioration du taux de conversion, les tests A\/B, et l\u2019e-business. Vous pouvez retrouver nos prestations d\u00e9taill\u00e9es sur notre site sp\u00e9cialis\u00e9 en conseil en strat\u00e9gie digitale, 13min.fr. En tant que centre de formation certifi\u00e9, nous proposons des formations sur des sujets tels que WordPress, SEO, Google Analytics, et Google Adwords.<\/p>\n\n\n\n<p><strong>Cr\u00e9ation de Sites Vitrine, E-commerce et sur Mesure<\/strong><br>Que vous recherchiez un site vitrine, un site e-commerce, ou un site sur mesure bas\u00e9 sur symphony, WordPress, Prestashop ou WIX, nos agences r\u00e9pondent \u00e0 toutes les exigences. Nous nous engageons \u00e0 concevoir des sites professionnels adapt\u00e9s aux besoins sp\u00e9cifiques de chaque client, tout en respectant les contraintes budg\u00e9taires.<\/p>\n\n\n\n<p>Pour toute demande li\u00e9e \u00e0 la cr\u00e9ation de site web, refonte, r\u00e9f\u00e9rencement, h\u00e9bergement ou maintenance, n\u2019h\u00e9sitez pas \u00e0 contacter notre agence web \u00e0 Paris au 01 83 75 07 60.<\/p>\n","protected":false},"excerpt":{"rendered":"<p>Pr\u00e9sentation de nos Agences Digitales Fond\u00e9es \u00e0 la fin des ann\u00e9es 90, GoldenMarket et Agenceweb, cr\u00e9\u00e9es respectivement en 2000, se distinguent en tant qu&#8217;agences renomm\u00e9es sp\u00e9cialis\u00e9es dans la conception de sites internet haut de gamme. Ces agences parisiennes, expertes en strat\u00e9gies digitales, accompagnent leurs clients depuis pr\u00e8s de deux d\u00e9cennies dans la cr\u00e9ation de sites [&hellip;]<\/p>\n","protected":false},"author":2,"featured_media":0,"parent":0,"menu_order":0,"comment_status":"closed","ping_status":"closed","template":"","meta":{"footnotes":""},"class_list":["post-21","page","type-page","status-publish","hentry"],"yoast_head":"<!-- This site is optimized with the Yoast SEO plugin v27.4 - https:\/\/yoast.com\/product\/yoast-seo-wordpress\/ -->\n<title>Credits - femme \u00e0 la mode<\/title>\n<meta name=\"robots\" content=\"index, follow, max-snippet:-1, max-image-preview:large, max-video-preview:-1\" \/>\n<link rel=\"canonical\" href=\"https:\/\/femme-a-la-mode.com\/?page_id=21\" \/>\n<meta property=\"og:locale\" content=\"en_US\" \/>\n<meta property=\"og:type\" content=\"article\" \/>\n<meta property=\"og:title\" content=\"Credits - femme \u00e0 la mode\" \/>\n<meta property=\"og:description\" content=\"Pr\u00e9sentation de nos Agences Digitales Fond\u00e9es \u00e0 la fin des ann\u00e9es 90, GoldenMarket et Agenceweb, cr\u00e9\u00e9es respectivement en 2000, se distinguent en tant qu&#8217;agences renomm\u00e9es sp\u00e9cialis\u00e9es dans la conception de sites internet haut de gamme. Ces agences parisiennes, expertes en strat\u00e9gies digitales, accompagnent leurs clients depuis pr\u00e8s de deux d\u00e9cennies dans la cr\u00e9ation de sites [&hellip;]\" \/>\n<meta property=\"og:url\" content=\"https:\/\/femme-a-la-mode.com\/?page_id=21\" \/>\n<meta property=\"og:site_name\" content=\"femme \u00e0 la mode\" \/>\n<meta property=\"article:modified_time\" content=\"2024-01-30T15:57:17+00:00\" \/>\n<meta name=\"twitter:card\" content=\"summary_large_image\" \/>\n<meta name=\"twitter:label1\" content=\"Est. reading time\" \/>\n\t<meta name=\"twitter:data1\" content=\"4 minutes\" \/>\n<script type=\"application\/ld+json\" class=\"yoast-schema-graph\">{\"@context\":\"https:\\\/\\\/schema.org\",\"@graph\":[{\"@type\":\"WebPage\",\"@id\":\"https:\\\/\\\/femme-a-la-mode.com\\\/?page_id=21\",\"url\":\"https:\\\/\\\/femme-a-la-mode.com\\\/?page_id=21\",\"name\":\"Credits - femme \u00e0 la mode\",\"isPartOf\":{\"@id\":\"https:\\\/\\\/femme-a-la-mode.com\\\/#website\"},\"datePublished\":\"2024-01-15T09:08:31+00:00\",\"dateModified\":\"2024-01-30T15:57:17+00:00\",\"breadcrumb\":{\"@id\":\"https:\\\/\\\/femme-a-la-mode.com\\\/?page_id=21#breadcrumb\"},\"inLanguage\":\"en-US\",\"potentialAction\":[{\"@type\":\"ReadAction\",\"target\":[\"https:\\\/\\\/femme-a-la-mode.com\\\/?page_id=21\"]}]},{\"@type\":\"BreadcrumbList\",\"@id\":\"https:\\\/\\\/femme-a-la-mode.com\\\/?page_id=21#breadcrumb\",\"itemListElement\":[{\"@type\":\"ListItem\",\"position\":1,\"name\":\"Home\",\"item\":\"https:\\\/\\\/femme-a-la-mode.com\\\/\"},{\"@type\":\"ListItem\",\"position\":2,\"name\":\"Credits\"}]},{\"@type\":\"WebSite\",\"@id\":\"https:\\\/\\\/femme-a-la-mode.com\\\/#website\",\"url\":\"https:\\\/\\\/femme-a-la-mode.com\\\/\",\"name\":\"femme \u00e0 la mode\",\"description\":\"Just another WordPress site\",\"potentialAction\":[{\"@type\":\"SearchAction\",\"target\":{\"@type\":\"EntryPoint\",\"urlTemplate\":\"https:\\\/\\\/femme-a-la-mode.com\\\/?s={search_term_string}\"},\"query-input\":{\"@type\":\"PropertyValueSpecification\",\"valueRequired\":true,\"valueName\":\"search_term_string\"}}],\"inLanguage\":\"en-US\"}]}<\/script>\n<!-- \/ Yoast SEO plugin. -->","yoast_head_json":{"title":"Credits - femme \u00e0 la mode","robots":{"index":"index","follow":"follow","max-snippet":"max-snippet:-1","max-image-preview":"max-image-preview:large","max-video-preview":"max-video-preview:-1"},"canonical":"https:\/\/femme-a-la-mode.com\/?page_id=21","og_locale":"en_US","og_type":"article","og_title":"Credits - femme \u00e0 la mode","og_description":"Pr\u00e9sentation de nos Agences Digitales Fond\u00e9es \u00e0 la fin des ann\u00e9es 90, GoldenMarket et Agenceweb, cr\u00e9\u00e9es respectivement en 2000, se distinguent en tant qu&#8217;agences renomm\u00e9es sp\u00e9cialis\u00e9es dans la conception de sites internet haut de gamme. Ces agences parisiennes, expertes en strat\u00e9gies digitales, accompagnent leurs clients depuis pr\u00e8s de deux d\u00e9cennies dans la cr\u00e9ation de sites [&hellip;]","og_url":"https:\/\/femme-a-la-mode.com\/?page_id=21","og_site_name":"femme \u00e0 la mode","article_modified_time":"2024-01-30T15:57:17+00:00","twitter_card":"summary_large_image","twitter_misc":{"Est. reading time":"4 minutes"},"schema":{"@context":"https:\/\/schema.org","@graph":[{"@type":"WebPage","@id":"https:\/\/femme-a-la-mode.com\/?page_id=21","url":"https:\/\/femme-a-la-mode.com\/?page_id=21","name":"Credits - femme \u00e0 la mode","isPartOf":{"@id":"https:\/\/femme-a-la-mode.com\/#website"},"datePublished":"2024-01-15T09:08:31+00:00","dateModified":"2024-01-30T15:57:17+00:00","breadcrumb":{"@id":"https:\/\/femme-a-la-mode.com\/?page_id=21#breadcrumb"},"inLanguage":"en-US","potentialAction":[{"@type":"ReadAction","target":["https:\/\/femme-a-la-mode.com\/?page_id=21"]}]},{"@type":"BreadcrumbList","@id":"https:\/\/femme-a-la-mode.com\/?page_id=21#breadcrumb","itemListElement":[{"@type":"ListItem","position":1,"name":"Home","item":"https:\/\/femme-a-la-mode.com\/"},{"@type":"ListItem","position":2,"name":"Credits"}]},{"@type":"WebSite","@id":"https:\/\/femme-a-la-mode.com\/#website","url":"https:\/\/femme-a-la-mode.com\/","name":"femme \u00e0 la mode","description":"Just another WordPress site","potentialAction":[{"@type":"SearchAction","target":{"@type":"EntryPoint","urlTemplate":"https:\/\/femme-a-la-mode.com\/?s={search_term_string}"},"query-input":{"@type":"PropertyValueSpecification","valueRequired":true,"valueName":"search_term_string"}}],"inLanguage":"en-US"}]}},"_links":{"self":[{"href":"https:\/\/femme-a-la-mode.com\/index.php?rest_route=\/wp\/v2\/pages\/21","targetHints":{"allow":["GET"]}}],"collection":[{"href":"https:\/\/femme-a-la-mode.com\/index.php?rest_route=\/wp\/v2\/pages"}],"about":[{"href":"https:\/\/femme-a-la-mode.com\/index.php?rest_route=\/wp\/v2\/types\/page"}],"author":[{"embeddable":true,"href":"https:\/\/femme-a-la-mode.com\/index.php?rest_route=\/wp\/v2\/users\/2"}],"replies":[{"embeddable":true,"href":"https:\/\/femme-a-la-mode.com\/index.php?rest_route=%2Fwp%2Fv2%2Fcomments&post=21"}],"version-history":[{"count":2,"href":"https:\/\/femme-a-la-mode.com\/index.php?rest_route=\/wp\/v2\/pages\/21\/revisions"}],"predecessor-version":[{"id":25,"href":"https:\/\/femme-a-la-mode.com\/index.php?rest_route=\/wp\/v2\/pages\/21\/revisions\/25"}],"wp:attachment":[{"href":"https:\/\/femme-a-la-mode.com\/index.php?rest_route=%2Fwp%2Fv2%2Fmedia&parent=21"}],"curies":[{"name":"wp","href":"https:\/\/api.w.org\/{rel}","templated":true}]}}